{"id":2901,"date":"2015-11-18T08:34:00","date_gmt":"2015-11-18T08:34:00","guid":{"rendered":"http:\/\/demo.thimpress.com\/eduma\/?page_id=2901"},"modified":"2025-09-04T21:16:36","modified_gmt":"2025-09-04T19:16:36","slug":"about-us","status":"publish","type":"page","link":"https:\/\/polymathinstitute.io\/en\/about-us\/","title":{"rendered":"About"},"content":{"rendered":"<div data-elementor-type=\"wp-post\" data-elementor-id=\"2901\" class=\"elementor elementor-2901\">\n\t\t\t\t<div class=\"elementor-element elementor-element-d259c7a e-flex e-con-boxed e-con e-parent\" data-id=\"d259c7a\" data-element_type=\"container\">\n\t\t\t\t\t<div class=\"e-con-inner\">\n\t\t<div class=\"elementor-element elementor-element-fee4ce5 e-con-full e-flex e-con e-child\" data-id=\"fee4ce5\" data-element_type=\"container\">\n\t\t\t\t<div class=\"elementor-element elementor-element-68fc5bd elementor-widget elementor-widget-image\" data-id=\"68fc5bd\" data-element_type=\"widget\" data-widget_type=\"image.default\">\n\t\t\t\t<div class=\"elementor-widget-container\">\n\t\t\t\t\t\t\t\t\t\t\t\t\t\t\t<img fetchpriority=\"high\" decoding=\"async\" width=\"605\" height=\"1024\" src=\"https:\/\/polymathinstitute.io\/wp-content\/uploads\/2025\/08\/PHOTO-2025-08-16-20-40-36-1-605x1024.jpg\" class=\"attachment-large size-large wp-image-14356\" alt=\"\" srcset=\"https:\/\/polymathinstitute.io\/wp-content\/uploads\/2025\/08\/PHOTO-2025-08-16-20-40-36-1-605x1024.jpg 605w, https:\/\/polymathinstitute.io\/wp-content\/uploads\/2025\/08\/PHOTO-2025-08-16-20-40-36-1-177x300.jpg 177w, https:\/\/polymathinstitute.io\/wp-content\/uploads\/2025\/08\/PHOTO-2025-08-16-20-40-36-1-7x12.jpg 7w, https:\/\/polymathinstitute.io\/wp-content\/uploads\/2025\/08\/PHOTO-2025-08-16-20-40-36-1-600x1015.jpg 600w, https:\/\/polymathinstitute.io\/wp-content\/uploads\/2025\/08\/PHOTO-2025-08-16-20-40-36-1.jpg 708w\" sizes=\"(max-width: 605px) 100vw, 605px\" \/>\t\t\t\t\t\t\t\t\t\t\t\t\t\t\t<\/div>\n\t\t\t\t<\/div>\n\t\t\t\t<\/div>\n\t\t<div class=\"elementor-element elementor-element-bfb75c1 e-con-full e-flex e-con e-child\" data-id=\"bfb75c1\" data-element_type=\"container\">\n\t\t\t\t<div class=\"elementor-element elementor-element-be6b6e1 elementor-widget elementor-widget-text-editor\" data-id=\"be6b6e1\" data-element_type=\"widget\" data-widget_type=\"text-editor.default\">\n\t\t\t\t<div class=\"elementor-widget-container\">\n\t\t\t\t\t\t\t\t\t<p class=\"p1\">Djibril SARR is <span class=\"s1\"><b>CEO of Polymath Institute for Learning &amp; Development<\/b><\/span>, a training organization dedicated to supporting professionals and businesses in optimizing their performance and developing their talents.<\/p><p class=\"p1\">At the same time, it is <span class=\"s1\"><b>Lecturer in Human Resources Management at Neoma Business School<\/b><\/span>, where he shares his expertise in leadership, human resources management and project management with students and future decision-makers.<\/p><p class=\"p1\">Holder of a <span class=\"s1\"><b>MBA (Neoma)<\/b><\/span>, of a <span class=\"s1\"><b>Specialized Master&#039;s in Complex Systems Management (CentraleSupelec)<\/b><\/span>, as well as a <span class=\"s1\"><b>Diploma in Robotics Engineering (UTC)<\/b><\/span>, Djibril SARR has a cross-functional and multidisciplinary approach, allowing him to support both managers and operational teams in resolving complex issues.<\/p><p class=\"p1\">Djibril is also <span class=\"s1\"><b>Certified Coach for Managers and Executives<\/b><\/span>, thus strengthening its commitment to supporting professionals in their professional and\/personal development.<\/p><p class=\"p1\">Passionate about innovation in education and human resources, Djibril SARR works daily to share his knowledge and help organizations navigate a constantly changing world.<\/p>\t\t\t\t\t\t\t\t<\/div>\n\t\t\t\t<\/div>\n\t\t\t\t<\/div>\n\t\t\t\t\t<\/div>\n\t\t\t\t<\/div>\n\t\t\t\t<section class=\"elementor-section elementor-top-section elementor-element elementor-element-dbdef59 elementor-section-stretched elementor-section-boxed elementor-section-height-default elementor-section-height-default\" data-id=\"dbdef59\" data-element_type=\"section\" data-settings=\"{&quot;stretch_section&quot;:&quot;section-stretched&quot;,&quot;background_background&quot;:&quot;classic&quot;}\">\n\t\t\t\t\t\t<div class=\"elementor-container elementor-column-gap-default\">\n\t\t\t\t\t<div class=\"elementor-column elementor-col-100 elementor-top-column elementor-element elementor-element-7a78582\" data-id=\"7a78582\" data-element_type=\"column\">\n\t\t\t<div class=\"elementor-widget-wrap elementor-element-populated\">\n\t\t\t\t\t\t<div class=\"elementor-element elementor-element-de2c6d7 thim-ekits-heading-text-center elementor-widget thim-ekits-heading elementor-widget-thim-heading\" data-id=\"de2c6d7\" data-element_type=\"widget\" data-widget_type=\"thim-heading.default\">\n\t\t\t\t<div class=\"elementor-widget-container\">\n\t\t\t\t\t<div class=\"sc_heading text-center\"><h2 class=\"title\">Why choose Polymath Institute? <\/h2><\/div>\t\t\t\t<\/div>\n\t\t\t\t<\/div>\n\t\t\t\t\t<\/div>\n\t\t<\/div>\n\t\t\t\t\t<\/div>\n\t\t<\/section>\n\t\t\t\t<section class=\"elementor-section elementor-top-section elementor-element elementor-element-2774d67 elementor-section-stretched elementor-section-boxed elementor-section-height-default elementor-section-height-default\" data-id=\"2774d67\" data-element_type=\"section\" data-settings=\"{&quot;stretch_section&quot;:&quot;section-stretched&quot;,&quot;background_background&quot;:&quot;classic&quot;}\">\n\t\t\t\t\t\t<div class=\"elementor-container elementor-column-gap-default\">\n\t\t\t\t\t<div class=\"elementor-column elementor-col-33 elementor-top-column elementor-element elementor-element-550e34f\" data-id=\"550e34f\" data-element_type=\"column\">\n\t\t\t<div class=\"elementor-widget-wrap elementor-element-populated\">\n\t\t\t\t\t\t<div class=\"elementor-element elementor-element-fb15edd iconbox-text-left elementor-widget elementor-widget-thim-icon-box\" data-id=\"fb15edd\" data-element_type=\"widget\" data-widget_type=\"thim-icon-box.default\">\n\t\t\t\t<div class=\"elementor-widget-container\">\n\t\t\t\t\t<div class=\"thim-widget-icon-box\"><div class=\"wrapper-box-icon has_custom_image text-left\"><div class=\"smicon-box iconbox-top\"><div class=\"boxes-icon\"><span class=\"inner-icon\"><span class=\"icon icon-images\"><img decoding=\"async\" src=\"https:\/\/polymathinstitute.io\/wp-content\/uploads\/2025\/08\/Shooting-210-scaled.jpg\" alt=\"Shooting-210\"  width=\"2560\" height=\"1707\"><\/span><\/span><\/div><div class=\"content-inner\"><div class=\"sc-heading\"><h3 class=\"heading__primary\">About Polymath<\/h3><\/div><div class=\"desc-icon-box\"><div class=\"desc-content\">Polymath Institute for Learning and Development is a training organization dedicated to supporting professionals and businesses in leadership development, team management and project management.<\/div><\/div><\/div><\/div><\/div><\/div>\t\t\t\t<\/div>\n\t\t\t\t<\/div>\n\t\t\t\t\t<\/div>\n\t\t<\/div>\n\t\t\t\t<div class=\"elementor-column elementor-col-33 elementor-top-column elementor-element elementor-element-8246a6f\" data-id=\"8246a6f\" data-element_type=\"column\">\n\t\t\t<div class=\"elementor-widget-wrap elementor-element-populated\">\n\t\t\t\t\t\t<div class=\"elementor-element elementor-element-790c993 iconbox-text-left elementor-widget elementor-widget-thim-icon-box\" data-id=\"790c993\" data-element_type=\"widget\" data-widget_type=\"thim-icon-box.default\">\n\t\t\t\t<div class=\"elementor-widget-container\">\n\t\t\t\t\t<div class=\"thim-widget-icon-box\"><div class=\"wrapper-box-icon has_custom_image text-left\"><div class=\"smicon-box iconbox-top\"><div class=\"boxes-icon\"><span class=\"inner-icon\"><span class=\"icon icon-images\"><img decoding=\"async\" src=\"https:\/\/polymathinstitute.io\/wp-content\/uploads\/2022\/11\/course-9.jpg\" alt=\"course-9\"  width=\"1020\" height=\"680\"><\/span><\/span><\/div><div class=\"content-inner\"><div class=\"sc-heading\"><h3 class=\"heading__primary\">What we do<\/h3><\/div><div class=\"desc-icon-box\"><div class=\"desc-content\">We offer interactive and certified training courses in various fields: management, leadership, communication, project management, and more. Our courses are designed by experts to combine theory, practice, and flexibility.<\/div><\/div><\/div><\/div><\/div><\/div>\t\t\t\t<\/div>\n\t\t\t\t<\/div>\n\t\t\t\t\t<\/div>\n\t\t<\/div>\n\t\t\t\t<div class=\"elementor-column elementor-col-33 elementor-top-column elementor-element elementor-element-7169a04\" data-id=\"7169a04\" data-element_type=\"column\">\n\t\t\t<div class=\"elementor-widget-wrap elementor-element-populated\">\n\t\t\t\t\t\t<div class=\"elementor-element elementor-element-890b45a elementor-widget__width-initial iconbox-text-left elementor-widget elementor-widget-thim-icon-box\" data-id=\"890b45a\" data-element_type=\"widget\" data-widget_type=\"thim-icon-box.default\">\n\t\t\t\t<div class=\"elementor-widget-container\">\n\t\t\t\t\t<div class=\"thim-widget-icon-box\"><div class=\"wrapper-box-icon has_custom_image text-left\"><div class=\"smicon-box iconbox-top\"><div class=\"boxes-icon\"><span class=\"inner-icon\"><span class=\"icon icon-images\"><img loading=\"lazy\" decoding=\"async\" src=\"https:\/\/polymathinstitute.io\/wp-content\/uploads\/2025\/07\/equipe-hybride.png\" alt=\"equipe hybride\"  width=\"995\" height=\"666\"><\/span><\/span><\/div><div class=\"content-inner\"><div class=\"sc-heading\"><h3 class=\"heading__primary\">How we work<\/h3><\/div><div class=\"desc-icon-box\"><div class=\"desc-content\">We offer flexible, personalized online 100% learning. Through explanatory videos, real-life scenarios, animations, and quizzes, each learner progresses at their own pace. Our secure platform is accessible 24\/7.\n<\/div><\/div><\/div><\/div><\/div><\/div>\t\t\t\t<\/div>\n\t\t\t\t<\/div>\n\t\t\t\t\t<\/div>\n\t\t<\/div>\n\t\t\t\t\t<\/div>\n\t\t<\/section>\n\t\t\t\t<section class=\"elementor-section elementor-top-section elementor-element elementor-element-02ebb41 elementor-section-boxed elementor-section-height-default elementor-section-height-default\" data-id=\"02ebb41\" data-element_type=\"section\">\n\t\t\t\t\t\t<div class=\"elementor-container elementor-column-gap-default\">\n\t\t\t\t\t<div class=\"elementor-column elementor-col-100 elementor-top-column elementor-element elementor-element-2365040\" data-id=\"2365040\" data-element_type=\"column\">\n\t\t\t<div class=\"elementor-widget-wrap elementor-element-populated\">\n\t\t\t\t\t\t<div class=\"elementor-element elementor-element-3b189ec iconbox-text-left elementor-widget elementor-widget-thim-icon-box\" data-id=\"3b189ec\" data-element_type=\"widget\" data-widget_type=\"thim-icon-box.default\">\n\t\t\t\t<div class=\"elementor-widget-container\">\n\t\t\t\t\t<div class=\"thim-widget-icon-box\"><div class=\"wrapper-box-icon text-left\"><div class=\"smicon-box iconbox-left\"><div class=\"boxes-icon\"><span class=\"inner-icon\"><span class=\"icon\"><i aria-hidden=\"true\" class=\"tk tk-quoc\"><\/i><\/span><\/span><\/div><div class=\"content-inner\"><div class=\"sc-heading\"><h3 class=\"heading__primary\">Certified training for demanding professionals<\/h3><\/div><div class=\"desc-icon-box\"><div class=\"desc-content\">Polymath Institute for Learning and Development offers a rich and varied selection of programs designed to support your professional and personal growth. Enhance your professional skills with premium training designed with academic leaders and the world-renowned content of our partner, PINKTUM. Whether you want to acquire new skills, deepen your expertise, or boost your personal development, our offerings adapt to your ambitions.<\/div><\/div><\/div><\/div><\/div><\/div>\t\t\t\t<\/div>\n\t\t\t\t<\/div>\n\t\t\t\t\t<\/div>\n\t\t<\/div>\n\t\t\t\t\t<\/div>\n\t\t<\/section>\n\t\t\t\t<\/div>","protected":false},"excerpt":{"rendered":"<p>Djibril SARR est CEO de Polymath Institute for Learning &amp; Development, un organisme de formation d\u00e9di\u00e9 \u00e0 l\u2019accompagnement des professionnels et des entreprises dans l\u2019optimisation de leur performance et le d\u00e9veloppement de leurs talents. Parall\u00e8lement, il est Enseignant en Management &hellip; <\/p>","protected":false},"author":1,"featured_media":0,"parent":0,"menu_order":0,"comment_status":"closed","ping_status":"closed","template":"","meta":{"footnotes":""},"class_list":["post-2901","page","type-page","status-publish","hentry"],"_links":{"self":[{"href":"https:\/\/polymathinstitute.io\/en\/wp-json\/wp\/v2\/pages\/2901","targetHints":{"allow":["GET"]}}],"collection":[{"href":"https:\/\/polymathinstitute.io\/en\/wp-json\/wp\/v2\/pages"}],"about":[{"href":"https:\/\/polymathinstitute.io\/en\/wp-json\/wp\/v2\/types\/page"}],"author":[{"embeddable":true,"href":"https:\/\/polymathinstitute.io\/en\/wp-json\/wp\/v2\/users\/1"}],"replies":[{"embeddable":true,"href":"https:\/\/polymathinstitute.io\/en\/wp-json\/wp\/v2\/comments?post=2901"}],"version-history":[{"count":48,"href":"https:\/\/polymathinstitute.io\/en\/wp-json\/wp\/v2\/pages\/2901\/revisions"}],"predecessor-version":[{"id":14425,"href":"https:\/\/polymathinstitute.io\/en\/wp-json\/wp\/v2\/pages\/2901\/revisions\/14425"}],"wp:attachment":[{"href":"https:\/\/polymathinstitute.io\/en\/wp-json\/wp\/v2\/media?parent=2901"}],"curies":[{"name":"wp","href":"https:\/\/api.w.org\/{rel}","templated":true}]}}